{"id":355,"date":"2025-04-26T19:32:07","date_gmt":"2025-04-26T19:32:07","guid":{"rendered":"https:\/\/akademia.kessha-jazdakonnawholandii.com\/?page_id=355"},"modified":"2025-05-16T06:50:52","modified_gmt":"2025-05-16T06:50:52","slug":"skontaktuj-sie","status":"publish","type":"page","link":"https:\/\/akademia.kessha-jazdakonnawholandii.com\/?page_id=355","title":{"rendered":"Skontaktuj si\u0119"},"content":{"rendered":"\t\t<div data-elementor-type=\"wp-page\" data-elementor-id=\"355\" class=\"elementor elementor-355\">\n\t\t\t\t<div class=\"elementor-element elementor-element-b689a1b e-flex e-con-boxed e-con e-parent\" data-id=\"b689a1b\" data-element_type=\"container\">\n\t\t\t\t\t<div class=\"e-con-inner\">\n\t\t\t\t<div class=\"elementor-element elementor-element-64f0bed elementor-widget-laptop__width-initial elementor-widget elementor-widget-heading\" data-id=\"64f0bed\" data-element_type=\"widget\" data-widget_type=\"heading.default\">\n\t\t\t\t<div class=\"elementor-widget-container\">\n\t\t\t\t\t<h2 class=\"elementor-heading-title elementor-size-default\">Potrzebujesz si\u0119 skontaktowa\u0107?<\/h2>\t\t\t\t<\/div>\n\t\t\t\t<\/div>\n\t\t\t\t<div class=\"elementor-element elementor-element-6516636 elementor-absolute elementor-hidden-mobile elementor-widget elementor-widget-image\" data-id=\"6516636\" data-element_type=\"widget\" data-settings=\"{&quot;_position&quot;:&quot;absolute&quot;}\" data-widget_type=\"image.default\">\n\t\t\t\t<div class=\"elementor-widget-container\">\n\t\t\t\t\t\t\t\t\t\t\t\t\t\t\t<img fetchpriority=\"high\" decoding=\"async\" width=\"796\" height=\"577\" src=\"https:\/\/akademia.kessha-jazdakonnawholandii.com\/wp-content\/uploads\/2025\/04\/horse-bg-convert.io_.webp\" class=\"attachment-full size-full wp-image-117\" alt=\"\" srcset=\"https:\/\/akademia.kessha-jazdakonnawholandii.com\/wp-content\/uploads\/2025\/04\/horse-bg-convert.io_.webp 796w, https:\/\/akademia.kessha-jazdakonnawholandii.com\/wp-content\/uploads\/2025\/04\/horse-bg-convert.io_-300x217.webp 300w, https:\/\/akademia.kessha-jazdakonnawholandii.com\/wp-content\/uploads\/2025\/04\/horse-bg-convert.io_-768x557.webp 768w, https:\/\/akademia.kessha-jazdakonnawholandii.com\/wp-content\/uploads\/2025\/04\/horse-bg-convert.io_-600x435.webp 600w\" sizes=\"(max-width: 796px) 100vw, 796px\" \/>\t\t\t\t\t\t\t\t\t\t\t\t\t\t\t<\/div>\n\t\t\t\t<\/div>\n\t\t\t\t\t<\/div>\n\t\t\t\t<\/div>\n\t\t<div class=\"elementor-element elementor-element-32ec895 e-flex e-con-boxed e-con e-parent\" data-id=\"32ec895\" data-element_type=\"container\">\n\t\t\t\t\t<div class=\"e-con-inner\">\n\t\t<div class=\"elementor-element elementor-element-96d3ea2 e-con-full e-flex e-con e-child\" data-id=\"96d3ea2\" data-element_type=\"container\">\n\t\t\t\t<div class=\"elementor-element elementor-element-971bdc6 elementor-widget elementor-widget-heading\" data-id=\"971bdc6\" data-element_type=\"widget\" data-widget_type=\"heading.default\">\n\t\t\t\t<div class=\"elementor-widget-container\">\n\t\t\t\t\t<h2 class=\"elementor-heading-title elementor-size-default\">Zaciekawi\u0142a Ci\u0119 Akademia Naturalnej Koniary i Twoja mo\u017cliwo\u015b\u0107 rozwoju w niej?<\/h2>\t\t\t\t<\/div>\n\t\t\t\t<\/div>\n\t\t\t\t<div class=\"elementor-element elementor-element-8d31c31 elementor-widget elementor-widget-text-editor\" data-id=\"8d31c31\" data-element_type=\"widget\" data-widget_type=\"text-editor.default\">\n\t\t\t\t<div class=\"elementor-widget-container\">\n\t\t\t\t\t\t\t\t\t<p>\u00a0<\/p><p>Skontaktuj si\u0119 ze mn\u0105 je\u015bli masz jakie\u015b pytania lub chcesz do\u0142\u0105czy\u0107 do naszej spo\u0142eczno\u015bci koniarskiej.<\/p>\t\t\t\t\t\t\t\t<\/div>\n\t\t\t\t<\/div>\n\t\t\t\t<div class=\"elementor-element elementor-element-6974e0e elementor-widget__width-inherit elementor-widget elementor-widget-elementskit-contact-form7\" data-id=\"6974e0e\" data-element_type=\"widget\" data-widget_type=\"elementskit-contact-form7.default\">\n\t\t\t\t<div class=\"elementor-widget-container\">\n\t\t\t\t\t<div class=\"ekit-wid-con\" ><div class=\"ekit-form\">\n<div class=\"wpcf7 no-js\" id=\"wpcf7-f105-o1\" lang=\"\" dir=\"ltr\" data-wpcf7-id=\"105\">\n<div class=\"screen-reader-response\"><p role=\"status\" aria-live=\"polite\" aria-atomic=\"true\"><\/p> <ul><\/ul><\/div>\n<form action=\"\/index.php?rest_route=%2Fwp%2Fv2%2Fpages%2F355#wpcf7-f105-o1\" method=\"post\" class=\"wpcf7-form init\" aria-label=\"Contact form\" novalidate=\"novalidate\" data-status=\"init\">\n<fieldset class=\"hidden-fields-container\"><input type=\"hidden\" name=\"_wpcf7\" value=\"105\" \/><input type=\"hidden\" name=\"_wpcf7_version\" value=\"6.1.1\" \/><input type=\"hidden\" name=\"_wpcf7_locale\" value=\"\" \/><input type=\"hidden\" name=\"_wpcf7_unit_tag\" value=\"wpcf7-f105-o1\" \/><input type=\"hidden\" name=\"_wpcf7_container_post\" value=\"0\" \/><input type=\"hidden\" name=\"_wpcf7_posted_data_hash\" value=\"\" \/>\n<\/fieldset>\n<div class=\"sthr-contact-form\">\n\t<div class=\"sthr-form-row\">\n\t\t<div class=\"sthr-form-col\">\n\t\t\t<p><span class=\"wpcf7-form-control-wrap\" data-name=\"first-name\"><input size=\"40\" maxlength=\"400\" class=\"wpcf7-form-control wpcf7-text wpcf7-validates-as-required\" aria-required=\"true\" aria-invalid=\"false\" placeholder=\"First Name\" value=\"\" type=\"text\" name=\"first-name\" \/><\/span>\n\t\t\t<\/p>\n\t\t<\/div>\n\t\t<div class=\"sthr-form-col\">\n\t\t\t<p><span class=\"wpcf7-form-control-wrap\" data-name=\"last-name\"><input size=\"40\" maxlength=\"400\" class=\"wpcf7-form-control wpcf7-text wpcf7-validates-as-required\" aria-required=\"true\" aria-invalid=\"false\" placeholder=\"Last Name\" value=\"\" type=\"text\" name=\"last-name\" \/><\/span>\n\t\t\t<\/p>\n\t\t<\/div>\n\t<\/div>\n\t<div class=\"sthr-form-row\">\n\t\t<div class=\"sthr-form-col\">\n\t\t\t<p><span class=\"wpcf7-form-control-wrap\" data-name=\"phone\"><input size=\"40\" maxlength=\"400\" class=\"wpcf7-form-control wpcf7-tel wpcf7-validates-as-required wpcf7-text wpcf7-validates-as-tel\" aria-required=\"true\" aria-invalid=\"false\" placeholder=\"+1 (000) 789 456\" value=\"\" type=\"tel\" name=\"phone\" \/><\/span>\n\t\t\t<\/p>\n\t\t<\/div>\n\t\t<div class=\"sthr-form-col\">\n\t\t\t<p><span class=\"wpcf7-form-control-wrap\" data-name=\"your-email\"><input size=\"40\" maxlength=\"400\" class=\"wpcf7-form-control wpcf7-email wpcf7-validates-as-required wpcf7-text wpcf7-validates-as-email\" aria-required=\"true\" aria-invalid=\"false\" placeholder=\"Enter Your Email\" value=\"\" type=\"email\" name=\"your-email\" \/><\/span>\n\t\t\t<\/p>\n\t\t<\/div>\n\t<\/div>\n\t<div class=\"sthr-form-row sthr-full-width\">\n\t\t<p><span class=\"wpcf7-form-control-wrap\" data-name=\"your-message\"><textarea cols=\"40\" rows=\"10\" maxlength=\"2000\" class=\"wpcf7-form-control wpcf7-textarea\" aria-invalid=\"false\" placeholder=\"Your Message\" name=\"your-message\"><\/textarea><\/span>\n\t\t<\/p>\n\t<\/div>\n\t<div class=\"sthr-form-row\">\n\t\t<p><input class=\"wpcf7-form-control wpcf7-submit has-spinner\" type=\"submit\" value=\"Submit Details\" \/>\n\t\t<\/p>\n\t<\/div>\n<\/div><div class=\"wpcf7-response-output\" aria-hidden=\"true\"><\/div>\n<\/form>\n<\/div>\n<\/div><\/div>\t\t\t\t<\/div>\n\t\t\t\t<\/div>\n\t\t\t\t<\/div>\n\t\t\t\t<div class=\"elementor-element elementor-element-604c3b0 elementor-widget elementor-widget-google_maps\" data-id=\"604c3b0\" data-element_type=\"widget\" data-widget_type=\"google_maps.default\">\n\t\t\t\t<div class=\"elementor-widget-container\">\n\t\t\t\t\t\t\t<div class=\"elementor-custom-embed\">\n\t\t\t<iframe loading=\"lazy\"\n\t\t\t\t\tsrc=\"https:\/\/maps.google.com\/maps?q=Westrik%206%2C%20Hilvarenbeek&#038;t=m&#038;z=12&#038;output=embed&#038;iwloc=near\"\n\t\t\t\t\ttitle=\"Westrik 6, Hilvarenbeek\"\n\t\t\t\t\taria-label=\"Westrik 6, Hilvarenbeek\"\n\t\t\t><\/iframe>\n\t\t<\/div>\n\t\t\t\t\t\t<\/div>\n\t\t\t\t<\/div>\n\t\t\t\t\t<\/div>\n\t\t\t\t<\/div>\n\t\t\t\t<\/div>\n\t\t","protected":false},"excerpt":{"rendered":"<p>Potrzebujesz si\u0119 skontaktowa\u0107? Zaciekawi\u0142a Ci\u0119 Akademia Naturalnej Koniary i Twoja mo\u017cliwo\u015b\u0107 rozwoju w niej? \u00a0 Skontaktuj si\u0119 ze mn\u0105 je\u015bli masz jakie\u015b pytania lub chcesz do\u0142\u0105czy\u0107 do naszej spo\u0142eczno\u015bci koniarskiej.<\/p>\n","protected":false},"author":2,"featured_media":0,"parent":0,"menu_order":0,"comment_status":"closed","ping_status":"closed","template":"frontpage.php","meta":{"pmpro_default_level":"","footnotes":""},"class_list":["post-355","page","type-page","status-publish","hentry","pmpro-has-access"],"_links":{"self":[{"href":"https:\/\/akademia.kessha-jazdakonnawholandii.com\/index.php?rest_route=\/wp\/v2\/pages\/355","targetHints":{"allow":["GET"]}}],"collection":[{"href":"https:\/\/akademia.kessha-jazdakonnawholandii.com\/index.php?rest_route=\/wp\/v2\/pages"}],"about":[{"href":"https:\/\/akademia.kessha-jazdakonnawholandii.com\/index.php?rest_route=\/wp\/v2\/types\/page"}],"author":[{"embeddable":true,"href":"https:\/\/akademia.kessha-jazdakonnawholandii.com\/index.php?rest_route=\/wp\/v2\/users\/2"}],"replies":[{"embeddable":true,"href":"https:\/\/akademia.kessha-jazdakonnawholandii.com\/index.php?rest_route=%2Fwp%2Fv2%2Fcomments&post=355"}],"version-history":[{"count":10,"href":"https:\/\/akademia.kessha-jazdakonnawholandii.com\/index.php?rest_route=\/wp\/v2\/pages\/355\/revisions"}],"predecessor-version":[{"id":627,"href":"https:\/\/akademia.kessha-jazdakonnawholandii.com\/index.php?rest_route=\/wp\/v2\/pages\/355\/revisions\/627"}],"wp:attachment":[{"href":"https:\/\/akademia.kessha-jazdakonnawholandii.com\/index.php?rest_route=%2Fwp%2Fv2%2Fmedia&parent=355"}],"curies":[{"name":"wp","href":"https:\/\/api.w.org\/{rel}","templated":true}]}}